{"id":6092,"date":"2025-04-29T17:29:01","date_gmt":"2025-04-29T15:29:01","guid":{"rendered":"https:\/\/www.amoliv.com\/domande\/"},"modified":"2025-04-29T17:54:02","modified_gmt":"2025-04-29T15:54:02","slug":"domande","status":"publish","type":"page","link":"https:\/\/www.amoliv.com\/it\/domande\/","title":{"rendered":"Domande"},"content":{"rendered":"\t\t<div data-elementor-type=\"wp-page\" data-elementor-id=\"6092\" class=\"elementor elementor-6092 elementor-6073\">\n\t\t\t\t\t\t<div class=\"elementor-section elementor-top-section elementor-element elementor-element-5c655ee elementor-section-stretched elementor-section-boxed elementor-section-height-default elementor-section-height-default\" data-id=\"5c655ee\" data-element_type=\"section\" data-settings=\"{&quot;background_background&quot;:&quot;classic&quot;,&quot;stretch_section&quot;:&quot;section-stretched&quot;}\">\n\t\t\t\t\t\t<div class=\"elementor-container elementor-column-gap-default\">\n\t\t\t\t\t<div class=\"elementor-column elementor-col-100 elementor-top-column elementor-element elementor-element-391db68 elementor-invisible\" data-id=\"391db68\" data-element_type=\"column\" data-settings=\"{&quot;animation&quot;:&quot;fadeInRight&quot;}\">\n\t\t\t<div class=\"elementor-widget-wrap elementor-element-populated\">\n\t\t\t\t\t\t<div class=\"elementor-element elementor-element-e59547a elementor-widget elementor-widget-section_title\" data-id=\"e59547a\" data-element_type=\"widget\" data-widget_type=\"section_title.default\">\n\t\t\t\t<div class=\"elementor-widget-container\">\n\t\t\t\t\t<div class=\" title-box\"><span>Domande e risposte<\/span><h2 class=\"title\">Domande<\/h2><\/div>\t\t\t\t<\/div>\n\t\t\t\t<\/div>\n\t\t\t\t<div class=\"elementor-element elementor-element-bcfeb5a elementor-widget elementor-widget-spacer\" data-id=\"bcfeb5a\" data-element_type=\"widget\" data-widget_type=\"spacer.default\">\n\t\t\t\t<div class=\"elementor-widget-container\">\n\t\t\t\t\t\t\t<div class=\"elementor-spacer\">\n\t\t\t<div class=\"elementor-spacer-inner\"><\/div>\n\t\t<\/div>\n\t\t\t\t\t\t<\/div>\n\t\t\t\t<\/div>\n\t\t\t\t\t<\/div>\n\t\t<\/div>\n\t\t\t\t\t<\/div>\n\t\t<\/div>\n\t\t\t\t<div class=\"elementor-section elementor-top-section elementor-element elementor-element-ae9f737 elementor-section-stretched elementor-section-boxed elementor-section-height-default elementor-section-height-default\" data-id=\"ae9f737\" data-element_type=\"section\" data-settings=\"{&quot;background_background&quot;:&quot;classic&quot;,&quot;stretch_section&quot;:&quot;section-stretched&quot;}\">\n\t\t\t\t\t\t<div class=\"elementor-container elementor-column-gap-default\">\n\t\t\t\t\t<div class=\"elementor-column elementor-col-100 elementor-top-column elementor-element elementor-element-49bfff5 elementor-invisible\" data-id=\"49bfff5\" data-element_type=\"column\" data-settings=\"{&quot;animation&quot;:&quot;fadeInRight&quot;}\">\n\t\t\t<div class=\"elementor-widget-wrap elementor-element-populated\">\n\t\t\t\t\t\t<div class=\"elementor-element elementor-element-b69eb8a elementor-widget elementor-widget-enerzee_faq\" data-id=\"b69eb8a\" data-element_type=\"widget\" data-widget_type=\"enerzee_faq.default\">\n\t\t\t\t<div class=\"elementor-widget-container\">\n\t\t\t\t\t\n<div class=\"iq-faq\">\n    \n    <div class=\"iq-faq-block iq-active\">\n      <div class=\"iq-faq-title iq-active\" id=\"heading012\">\n        <div class=\"position-relative\">\n                      <i aria-hidden=\"true\" class=\"far fa-question-circle\"><\/i>                    <h5 class=\"mb-0\">\n            La propriet\u00e0 dispone di una piscina?          <\/h5>\n        <\/div>\n      <\/div>\n      <div class=\"iq-faq-details\">\n        S\u00ec, c&#8217;\u00e8 una piscina privata dove gli ospiti possono rilassarsi e godersi il sole.      <\/div>\n    <\/div>\n    \n    <div class=\"iq-faq-block \">\n      <div class=\"iq-faq-title \" id=\"heading112\">\n        <div class=\"position-relative\">\n                      <i aria-hidden=\"true\" class=\"far fa-question-circle\"><\/i>                    <h5 class=\"mb-0\">\n            Sono ammessi animali domestici?          <\/h5>\n        <\/div>\n      <\/div>\n      <div class=\"iq-faq-details\">\n        Gli animali domestici sono ammessi su richiesta. Contattaci per maggiori dettagli.      <\/div>\n    <\/div>\n    \n    <div class=\"iq-faq-block \">\n      <div class=\"iq-faq-title \" id=\"heading212\">\n        <div class=\"position-relative\">\n                      <i aria-hidden=\"true\" class=\"far fa-question-circle\"><\/i>                    <h5 class=\"mb-0\">\n            C&#039;\u00e8 il Wi-Fi disponibile nelle camere?           <\/h5>\n        <\/div>\n      <\/div>\n      <div class=\"iq-faq-details\">\n        C\u2019\u00e8 wifi gratis disponibile.      <\/div>\n    <\/div>\n    \n    <div class=\"iq-faq-block \">\n      <div class=\"iq-faq-title \" id=\"heading312\">\n        <div class=\"position-relative\">\n                      <i aria-hidden=\"true\" class=\"far fa-question-circle\"><\/i>                    <h5 class=\"mb-0\">\n            Come posso prenotare una camera?          <\/h5>\n        <\/div>\n      <\/div>\n      <div class=\"iq-faq-details\">\n        Per prenotare potete contattare Erika su <a href=\"mailto:info@amoliv.com\">info@amoliv.com<\/a> o tel\/whatsapp : 00 39 3356 548 332.      <\/div>\n    <\/div>\n    \n    <div class=\"iq-faq-block \">\n      <div class=\"iq-faq-title \" id=\"heading412\">\n        <div class=\"position-relative\">\n                      <i aria-hidden=\"true\" class=\"far fa-question-circle\"><\/i>                    <h5 class=\"mb-0\">\n            Quali tipi di camere offrite?          <\/h5>\n        <\/div>\n      <\/div>\n      <div class=\"iq-faq-details\">\n        Amoliv dispone di 5 camere da letto con ognuno il suo bagno con doccia e ingresso individuale. In 2 camere sono presente anche 3 letti singoli. La casa viene affittata come casa vacanza privata fino a 13 persone e non ci sono altri ospiti.      <\/div>\n    <\/div>\n    \n    <div class=\"iq-faq-block \">\n      <div class=\"iq-faq-title \" id=\"heading512\">\n        <div class=\"position-relative\">\n                      <i aria-hidden=\"true\" class=\"far fa-question-circle\"><\/i>                    <h5 class=\"mb-0\">\n            Quali attivit\u00e0 ricreative sono disponibili nelle vicinanze?          <\/h5>\n        <\/div>\n      <\/div>\n      <div class=\"iq-faq-details\">\n        La nostra posizione \u00e8 ideale per esplorare i pittoreschi paesaggi toscani. Puoi visitare borghi storici e citt\u00e0 di fama mondiale come Firenze, Siena, Arezzo, Cortona, San Gimignano, Cortona, Chianti Classico, \u2026tutti facilmente raggiungibili. Inoltre, puoi concederti una deliziosa cucina locale e degustare i vini pregiati della regione.      <\/div>\n    <\/div>\n    \n    <div class=\"iq-faq-block \">\n      <div class=\"iq-faq-title \" id=\"heading612\">\n        <div class=\"position-relative\">\n                      <i aria-hidden=\"true\" class=\"far fa-question-circle\"><\/i>                    <h5 class=\"mb-0\">\n            Ci sono opzioni di trasporto per arrivare all&#039;Agriturismo?          <\/h5>\n        <\/div>\n      <\/div>\n      <div class=\"iq-faq-details\">\n        Per arrivare ad Amoliv hai bisogno di una macchina.      <\/div>\n    <\/div>\n    \n    <div class=\"iq-faq-block \">\n      <div class=\"iq-faq-title \" id=\"heading712\">\n        <div class=\"position-relative\">\n                      <i aria-hidden=\"true\" class=\"far fa-question-circle\"><\/i>                    <h5 class=\"mb-0\">\n            Quali sono gli orari di check-in e check-out?          <\/h5>\n        <\/div>\n      <\/div>\n      <div class=\"iq-faq-details\">\n        Il check-in \u00e8 dalle 16.00 alle 18.00 ma per altre esigenze siamo sempre disponibili. Il check-out \u00e8 non oltre le 10.30.      <\/div>\n    <\/div>\n    \n    <div class=\"iq-faq-block \">\n      <div class=\"iq-faq-title \" id=\"heading812\">\n        <div class=\"position-relative\">\n                      <i aria-hidden=\"true\" class=\"far fa-question-circle\"><\/i>                    <h5 class=\"mb-0\">\n            Offrite servizio di ristorazione o colazione?          <\/h5>\n        <\/div>\n      <\/div>\n      <div class=\"iq-faq-details\">\n        La colazione non \u00e8 incluso nel prezzo ma pu\u00f2 essere richiesto il giorno prima. I nostri ospiti hanno una cucina professionale dove possono sempre fare t\u00e8 e caff\u00e8 gratis.      <\/div>\n    <\/div>\n    \n    <div class=\"iq-faq-block \">\n      <div class=\"iq-faq-title \" id=\"heading912\">\n        <div class=\"position-relative\">\n                      <i aria-hidden=\"true\" class=\"far fa-question-circle\"><\/i>                    <h5 class=\"mb-0\">\n            C&#039;\u00e8 un parcheggio disponibile?          <\/h5>\n        <\/div>\n      <\/div>\n      <div class=\"iq-faq-details\">\n        S\u00ec, c&#8217;\u00e8 un parcheggio gratuito a disposizione degli ospiti.      <\/div>\n    <\/div>\n    \n    <div class=\"iq-faq-block \">\n      <div class=\"iq-faq-title \" id=\"heading1012\">\n        <div class=\"position-relative\">\n                      <i aria-hidden=\"true\" class=\"far fa-question-circle\"><\/i>                    <h5 class=\"mb-0\">\n            C\u2019\u00e8 un BBQ?          <\/h5>\n        <\/div>\n      <\/div>\n      <div class=\"iq-faq-details\">\n        S\u00ec, c\u2019\u00e8 un grande BBQ ad Amoliv per fare le vostre grigliate.      <\/div>\n    <\/div>\n    \n    <div class=\"iq-faq-block \">\n      <div class=\"iq-faq-title \" id=\"heading1112\">\n        <div class=\"position-relative\">\n                      <i aria-hidden=\"true\" class=\"far fa-question-circle\"><\/i>                    <h5 class=\"mb-0\">\n            La cucina \u00e8 attrezzata?          <\/h5>\n        <\/div>\n      <\/div>\n      <div class=\"iq-faq-details\">\n        Assolutamente! La casa dispone di una cucina professionale completamente attrezzata, perfetta per cucinare per grandi gruppi.      <\/div>\n    <\/div>\n    \n    <div class=\"iq-faq-block \">\n      <div class=\"iq-faq-title \" id=\"heading1212\">\n        <div class=\"position-relative\">\n                      <i aria-hidden=\"true\" class=\"far fa-question-circle\"><\/i>                    <h5 class=\"mb-0\">\n            Sono ammessi animali domestici?          <\/h5>\n        <\/div>\n      <\/div>\n      <div class=\"iq-faq-details\">\n        Gli animali domestici sono ammessi su richiesta. Contattaci per maggiori dettagli.      <\/div>\n    <\/div>\n    \n    <div class=\"iq-faq-block \">\n      <div class=\"iq-faq-title \" id=\"heading1312\">\n        <div class=\"position-relative\">\n                      <i aria-hidden=\"true\" class=\"far fa-question-circle\"><\/i>                    <h5 class=\"mb-0\">\n            Sono disponibili corsi di cucina?          <\/h5>\n        <\/div>\n      <\/div>\n      <div class=\"iq-faq-details\">\n        S\u00ec, \u00e8 possibile partecipare a corsi di cucina per imparare a preparare piatti locali e tradizionali. Contattaci per prenotare questa esperienza unica.      <\/div>\n    <\/div>\n    \n    <div class=\"iq-faq-block \">\n      <div class=\"iq-faq-title \" id=\"heading1412\">\n        <div class=\"position-relative\">\n                      <i aria-hidden=\"true\" class=\"far fa-question-circle\"><\/i>                    <h5 class=\"mb-0\">\n            Posso avere un cuoco privato durante il soggiorno?          <\/h5>\n        <\/div>\n      <\/div>\n      <div class=\"iq-faq-details\">\n        Certamente! \u00c8 possibile organizzare un cuoco privato per preparare pasti deliziosi direttamente nella casa. Contattaci per maggiori dettagli.      <\/div>\n    <\/div>\n  <\/div>\t\t\t\t<\/div>\n\t\t\t\t<\/div>\n\t\t\t\t<div class=\"elementor-element elementor-element-f81f494 elementor-widget elementor-widget-spacer\" data-id=\"f81f494\" data-element_type=\"widget\" data-widget_type=\"spacer.default\">\n\t\t\t\t<div class=\"elementor-widget-container\">\n\t\t\t\t\t\t\t<div class=\"elementor-spacer\">\n\t\t\t<div class=\"elementor-spacer-inner\"><\/div>\n\t\t<\/div>\n\t\t\t\t\t\t<\/div>\n\t\t\t\t<\/div>\n\t\t\t\t\t<\/div>\n\t\t<\/div>\n\t\t\t\t\t<\/div>\n\t\t<\/div>\n\t\t\t\t<\/div>\n\t\t","protected":false},"excerpt":{"rendered":"<p>Domande e risposte Domande La propriet\u00e0 dispone di una piscina? S\u00ec, c&#8217;\u00e8 una piscina privata dove gli ospiti possono rilassarsi e godersi il sole. Sono ammessi animali domestici? Gli animali domestici sono ammessi su richiesta. Contattaci per maggiori dettagli. C&#039;\u00e8 il Wi-Fi disponibile nelle camere? C\u2019\u00e8 wifi gratis disponibile. Come posso prenotare una camera? Per [&hellip;]<\/p>\n","protected":false},"author":1,"featured_media":5189,"parent":0,"menu_order":0,"comment_status":"closed","ping_status":"closed","template":"","meta":{"footnotes":""},"class_list":["post-6092","page","type-page","status-publish","has-post-thumbnail","hentry"],"yoast_head":"<!-- This site is optimized with the Yoast SEO plugin v27.3 - https:\/\/yoast.com\/product\/yoast-seo-wordpress\/ -->\n<title>Domande &#060; Amoliv<\/title>\n<meta name=\"robots\" content=\"index, follow, max-snippet:-1, max-image-preview:large, max-video-preview:-1\" \/>\n<link rel=\"canonical\" href=\"https:\/\/www.amoliv.com\/it\/domande\/\" \/>\n<meta property=\"og:locale\" content=\"it_IT\" \/>\n<meta property=\"og:type\" content=\"article\" \/>\n<meta property=\"og:title\" content=\"Domande &#060; Amoliv\" \/>\n<meta property=\"og:description\" content=\"Domande e risposte Domande La propriet\u00e0 dispone di una piscina? S\u00ec, c&#8217;\u00e8 una piscina privata dove gli ospiti possono rilassarsi e godersi il sole. Sono ammessi animali domestici? Gli animali domestici sono ammessi su richiesta. Contattaci per maggiori dettagli. C&#039;\u00e8 il Wi-Fi disponibile nelle camere? C\u2019\u00e8 wifi gratis disponibile. Come posso prenotare una camera? Per [&hellip;]\" \/>\n<meta property=\"og:url\" content=\"https:\/\/www.amoliv.com\/it\/domande\/\" \/>\n<meta property=\"og:site_name\" content=\"Amoliv\" \/>\n<meta property=\"article:publisher\" content=\"https:\/\/www.facebook.com\/bbamoliv\" \/>\n<meta property=\"article:modified_time\" content=\"2025-04-29T15:54:02+00:00\" \/>\n<meta property=\"og:image\" content=\"https:\/\/www.amoliv.com\/wp-content\/uploads\/2022\/11\/Amoliv.jpg\" \/>\n\t<meta property=\"og:image:width\" content=\"2048\" \/>\n\t<meta property=\"og:image:height\" content=\"1536\" \/>\n\t<meta property=\"og:image:type\" content=\"image\/jpeg\" \/>\n<meta name=\"twitter:card\" content=\"summary_large_image\" \/>\n<meta name=\"twitter:label1\" content=\"Tempo di lettura stimato\" \/>\n\t<meta name=\"twitter:data1\" content=\"2 minuti\" \/>\n<script type=\"application\/ld+json\" class=\"yoast-schema-graph\">{\"@context\":\"https:\\\/\\\/schema.org\",\"@graph\":[{\"@type\":\"WebPage\",\"@id\":\"https:\\\/\\\/www.amoliv.com\\\/it\\\/domande\\\/\",\"url\":\"https:\\\/\\\/www.amoliv.com\\\/it\\\/domande\\\/\",\"name\":\"Domande &#060; Amoliv\",\"isPartOf\":{\"@id\":\"https:\\\/\\\/www.amoliv.com\\\/it\\\/#website\"},\"primaryImageOfPage\":{\"@id\":\"https:\\\/\\\/www.amoliv.com\\\/it\\\/domande\\\/#primaryimage\"},\"image\":{\"@id\":\"https:\\\/\\\/www.amoliv.com\\\/it\\\/domande\\\/#primaryimage\"},\"thumbnailUrl\":\"https:\\\/\\\/www.amoliv.com\\\/wp-content\\\/uploads\\\/2022\\\/11\\\/Amoliv.jpg\",\"datePublished\":\"2025-04-29T15:29:01+00:00\",\"dateModified\":\"2025-04-29T15:54:02+00:00\",\"breadcrumb\":{\"@id\":\"https:\\\/\\\/www.amoliv.com\\\/it\\\/domande\\\/#breadcrumb\"},\"inLanguage\":\"it-IT\",\"potentialAction\":[{\"@type\":\"ReadAction\",\"target\":[\"https:\\\/\\\/www.amoliv.com\\\/it\\\/domande\\\/\"]}]},{\"@type\":\"ImageObject\",\"inLanguage\":\"it-IT\",\"@id\":\"https:\\\/\\\/www.amoliv.com\\\/it\\\/domande\\\/#primaryimage\",\"url\":\"https:\\\/\\\/www.amoliv.com\\\/wp-content\\\/uploads\\\/2022\\\/11\\\/Amoliv.jpg\",\"contentUrl\":\"https:\\\/\\\/www.amoliv.com\\\/wp-content\\\/uploads\\\/2022\\\/11\\\/Amoliv.jpg\",\"width\":2048,\"height\":1536},{\"@type\":\"BreadcrumbList\",\"@id\":\"https:\\\/\\\/www.amoliv.com\\\/it\\\/domande\\\/#breadcrumb\",\"itemListElement\":[{\"@type\":\"ListItem\",\"position\":1,\"name\":\"Home\",\"item\":\"https:\\\/\\\/www.amoliv.com\\\/it\\\/\"},{\"@type\":\"ListItem\",\"position\":2,\"name\":\"Domande\"}]},{\"@type\":\"WebSite\",\"@id\":\"https:\\\/\\\/www.amoliv.com\\\/it\\\/#website\",\"url\":\"https:\\\/\\\/www.amoliv.com\\\/it\\\/\",\"name\":\"Amoliv\",\"description\":\"B&amp;B en Vakantiewoning in Toscane (IT)\",\"publisher\":{\"@id\":\"https:\\\/\\\/www.amoliv.com\\\/it\\\/#organization\"},\"potentialAction\":[{\"@type\":\"SearchAction\",\"target\":{\"@type\":\"EntryPoint\",\"urlTemplate\":\"https:\\\/\\\/www.amoliv.com\\\/it\\\/?s={search_term_string}\"},\"query-input\":{\"@type\":\"PropertyValueSpecification\",\"valueRequired\":true,\"valueName\":\"search_term_string\"}}],\"inLanguage\":\"it-IT\"},{\"@type\":\"Organization\",\"@id\":\"https:\\\/\\\/www.amoliv.com\\\/it\\\/#organization\",\"name\":\"Amoliv\",\"url\":\"https:\\\/\\\/www.amoliv.com\\\/it\\\/\",\"logo\":{\"@type\":\"ImageObject\",\"inLanguage\":\"it-IT\",\"@id\":\"https:\\\/\\\/www.amoliv.com\\\/it\\\/#\\\/schema\\\/logo\\\/image\\\/\",\"url\":\"https:\\\/\\\/www.amoliv.com\\\/wp-content\\\/uploads\\\/2022\\\/10\\\/Amoliv-Logo.jpg\",\"contentUrl\":\"https:\\\/\\\/www.amoliv.com\\\/wp-content\\\/uploads\\\/2022\\\/10\\\/Amoliv-Logo.jpg\",\"width\":350,\"height\":126,\"caption\":\"Amoliv\"},\"image\":{\"@id\":\"https:\\\/\\\/www.amoliv.com\\\/it\\\/#\\\/schema\\\/logo\\\/image\\\/\"},\"sameAs\":[\"https:\\\/\\\/www.facebook.com\\\/bbamoliv\",\"https:\\\/\\\/www.instagram.com\\\/amolivtoscana\\\/\"]}]}<\/script>\n<!-- \/ Yoast SEO plugin. -->","yoast_head_json":{"title":"Domande &#060; Amoliv","robots":{"index":"index","follow":"follow","max-snippet":"max-snippet:-1","max-image-preview":"max-image-preview:large","max-video-preview":"max-video-preview:-1"},"canonical":"https:\/\/www.amoliv.com\/it\/domande\/","og_locale":"it_IT","og_type":"article","og_title":"Domande &#060; Amoliv","og_description":"Domande e risposte Domande La propriet\u00e0 dispone di una piscina? S\u00ec, c&#8217;\u00e8 una piscina privata dove gli ospiti possono rilassarsi e godersi il sole. Sono ammessi animali domestici? Gli animali domestici sono ammessi su richiesta. Contattaci per maggiori dettagli. C&#039;\u00e8 il Wi-Fi disponibile nelle camere? C\u2019\u00e8 wifi gratis disponibile. Come posso prenotare una camera? Per [&hellip;]","og_url":"https:\/\/www.amoliv.com\/it\/domande\/","og_site_name":"Amoliv","article_publisher":"https:\/\/www.facebook.com\/bbamoliv","article_modified_time":"2025-04-29T15:54:02+00:00","og_image":[{"width":2048,"height":1536,"url":"https:\/\/www.amoliv.com\/wp-content\/uploads\/2022\/11\/Amoliv.jpg","type":"image\/jpeg"}],"twitter_card":"summary_large_image","twitter_misc":{"Tempo di lettura stimato":"2 minuti"},"schema":{"@context":"https:\/\/schema.org","@graph":[{"@type":"WebPage","@id":"https:\/\/www.amoliv.com\/it\/domande\/","url":"https:\/\/www.amoliv.com\/it\/domande\/","name":"Domande &#060; Amoliv","isPartOf":{"@id":"https:\/\/www.amoliv.com\/it\/#website"},"primaryImageOfPage":{"@id":"https:\/\/www.amoliv.com\/it\/domande\/#primaryimage"},"image":{"@id":"https:\/\/www.amoliv.com\/it\/domande\/#primaryimage"},"thumbnailUrl":"https:\/\/www.amoliv.com\/wp-content\/uploads\/2022\/11\/Amoliv.jpg","datePublished":"2025-04-29T15:29:01+00:00","dateModified":"2025-04-29T15:54:02+00:00","breadcrumb":{"@id":"https:\/\/www.amoliv.com\/it\/domande\/#breadcrumb"},"inLanguage":"it-IT","potentialAction":[{"@type":"ReadAction","target":["https:\/\/www.amoliv.com\/it\/domande\/"]}]},{"@type":"ImageObject","inLanguage":"it-IT","@id":"https:\/\/www.amoliv.com\/it\/domande\/#primaryimage","url":"https:\/\/www.amoliv.com\/wp-content\/uploads\/2022\/11\/Amoliv.jpg","contentUrl":"https:\/\/www.amoliv.com\/wp-content\/uploads\/2022\/11\/Amoliv.jpg","width":2048,"height":1536},{"@type":"BreadcrumbList","@id":"https:\/\/www.amoliv.com\/it\/domande\/#breadcrumb","itemListElement":[{"@type":"ListItem","position":1,"name":"Home","item":"https:\/\/www.amoliv.com\/it\/"},{"@type":"ListItem","position":2,"name":"Domande"}]},{"@type":"WebSite","@id":"https:\/\/www.amoliv.com\/it\/#website","url":"https:\/\/www.amoliv.com\/it\/","name":"Amoliv","description":"B&amp;B en Vakantiewoning in Toscane (IT)","publisher":{"@id":"https:\/\/www.amoliv.com\/it\/#organization"},"potentialAction":[{"@type":"SearchAction","target":{"@type":"EntryPoint","urlTemplate":"https:\/\/www.amoliv.com\/it\/?s={search_term_string}"},"query-input":{"@type":"PropertyValueSpecification","valueRequired":true,"valueName":"search_term_string"}}],"inLanguage":"it-IT"},{"@type":"Organization","@id":"https:\/\/www.amoliv.com\/it\/#organization","name":"Amoliv","url":"https:\/\/www.amoliv.com\/it\/","logo":{"@type":"ImageObject","inLanguage":"it-IT","@id":"https:\/\/www.amoliv.com\/it\/#\/schema\/logo\/image\/","url":"https:\/\/www.amoliv.com\/wp-content\/uploads\/2022\/10\/Amoliv-Logo.jpg","contentUrl":"https:\/\/www.amoliv.com\/wp-content\/uploads\/2022\/10\/Amoliv-Logo.jpg","width":350,"height":126,"caption":"Amoliv"},"image":{"@id":"https:\/\/www.amoliv.com\/it\/#\/schema\/logo\/image\/"},"sameAs":["https:\/\/www.facebook.com\/bbamoliv","https:\/\/www.instagram.com\/amolivtoscana\/"]}]}},"_links":{"self":[{"href":"https:\/\/www.amoliv.com\/it\/wp-json\/wp\/v2\/pages\/6092","targetHints":{"allow":["GET"]}}],"collection":[{"href":"https:\/\/www.amoliv.com\/it\/wp-json\/wp\/v2\/pages"}],"about":[{"href":"https:\/\/www.amoliv.com\/it\/wp-json\/wp\/v2\/types\/page"}],"author":[{"embeddable":true,"href":"https:\/\/www.amoliv.com\/it\/wp-json\/wp\/v2\/users\/1"}],"replies":[{"embeddable":true,"href":"https:\/\/www.amoliv.com\/it\/wp-json\/wp\/v2\/comments?post=6092"}],"version-history":[{"count":7,"href":"https:\/\/www.amoliv.com\/it\/wp-json\/wp\/v2\/pages\/6092\/revisions"}],"predecessor-version":[{"id":6103,"href":"https:\/\/www.amoliv.com\/it\/wp-json\/wp\/v2\/pages\/6092\/revisions\/6103"}],"wp:featuredmedia":[{"embeddable":true,"href":"https:\/\/www.amoliv.com\/it\/wp-json\/wp\/v2\/media\/5189"}],"wp:attachment":[{"href":"https:\/\/www.amoliv.com\/it\/wp-json\/wp\/v2\/media?parent=6092"}],"curies":[{"name":"wp","href":"https:\/\/api.w.org\/{rel}","templated":true}]}}